{"id":70,"date":"2021-01-18T05:59:22","date_gmt":"2021-01-18T08:59:22","guid":{"rendered":"https:\/\/brainbee.udp.cl\/cms\/?page_id=70"},"modified":"2022-04-21T17:09:35","modified_gmt":"2022-04-21T20:09:35","slug":"bases-brain-bee-udp","status":"publish","type":"page","link":"https:\/\/brainbee.udp.cl\/en\/bases-brain-bee-udp\/","title":{"rendered":"Bases Brain Bee UDP"},"content":{"rendered":"<p><strong>BASES DEL CONCURSO BRAIN BEE CHILE\u00a0<\/strong><\/p>\n<ol>\n<li><u> Participantes<\/u><\/li>\n<\/ol>\n<p>Podr\u00e1n participar estudiantes de ense\u00f1anza media con un l\u00edmite de edad de 19 a\u00f1os, al momento de la competencia internacional.<\/p>\n<p>&nbsp;<\/p>\n<ol start=\"2\">\n<li><u> Inscripci\u00f3n<\/u><\/li>\n<\/ol>\n<p>Los participantes deber\u00e1n inscribirse en la plataforma establecida en el llamado a concurso.<\/p>\n<p>&nbsp;<\/p>\n<ol start=\"3\">\n<li><u> Autorizaci\u00f3n a participar<\/u><\/li>\n<\/ol>\n<p>Menores de 18 a\u00f1os deben contar con la autorizaci\u00f3n de, al menos, uno de sus padres o tutor\/a legal<\/p>\n<p>&nbsp;<\/p>\n<ol start=\"4\">\n<li><u>Compromiso del\/a ganador\/a<\/u><\/li>\n<\/ol>\n<p><u>\u00a0<\/u><\/p>\n<p>Los\/las preseleccionados\/as y el\/la ganador\/a se comprometen a participar de forma presencial, a distancia y aut\u00f3nomamente en la preparaci\u00f3n de los contenidos del concurso.<\/p>\n<p><u>\u00a0<\/u><\/p>\n<p>El\/la ganador\/a se compromete a representar a Chile en el concurso de conocimientos internacional Brain Bee.<\/p>\n<p>&nbsp;<\/p>\n<ol start=\"5\">\n<li><u> Selecci\u00f3n<\/u><\/li>\n<\/ol>\n<p>La selecci\u00f3n del\/a representante de Chile para Brain Bee Internacional se realizar\u00e1 mediante pruebas de conocimiento de selecci\u00f3n m\u00faltiple o completaci\u00f3n breve.<\/p>\n<p>&nbsp;<\/p>\n<ol start=\"6\">\n<li><u> Premios<\/u><\/li>\n<\/ol>\n<p>6.1. A los\/as ganadores\/as por pa\u00eds se les reconocer\u00e1 su participaci\u00f3n.<\/p>\n<p>6.2. A el\/la ganador\/a final se le har\u00e1 un reconocimiento por parte de Brain Bee Chile.<\/p>\n<p>&nbsp;<\/p>\n<ol start=\"7\">\n<li><u> Consideraciones<\/u><\/li>\n<\/ol>\n<p>&nbsp;<\/p>\n<p>7.1 Brain Bee Chile es una iniciativa sin fines de lucro y nunca se solicitar\u00e1n recursos a los participantes o sus familias a nombre de Brain Bee.<\/p>\n<p>&nbsp;<\/p>\n<p>7.2 Las fechas y formatos del concurso ser\u00e1n comunicados en el llamado a concurso y podr\u00e1n ser modificados por Brain Bee Chile en cualquier momento, aunque se intentar\u00e1 mantener lo establecido en los llamados.<\/p>\n<p>&nbsp;<\/p>\n<ol start=\"8\">\n<li><u> Aceptaci\u00f3n de las bases<\/u><\/li>\n<\/ol>\n<p>La participaci\u00f3n en el concurso lleva impl\u00edcita la aceptaci\u00f3n de estas bases y del fallo del concurso. Todo caso no previsto en las presentes bases ser\u00e1 resuelto por los organizadores de Brain Bee Chile, comunic\u00e1ndose a cada participante tal decisi\u00f3n.<\/p>\n<p>&nbsp;<\/p>\n","protected":false},"excerpt":{"rendered":"<p>BASES DEL CONCURSO BRAIN BEE CHILE\u00a0 Participantes Podr\u00e1n participar estudiantes de ense\u00f1anza media con un l\u00edmite de edad de 19 a\u00f1os, al momento de la competencia internacional. &nbsp; Inscripci\u00f3n Los participantes deber\u00e1n inscribirse en la plataforma establecida en el llamado a concurso. &nbsp; Autorizaci\u00f3n a participar Menores de 18 a\u00f1os deben contar con la autorizaci\u00f3n [&hellip;]<\/p>\n","protected":false},"author":2,"featured_media":134,"parent":0,"menu_order":0,"comment_status":"closed","ping_status":"closed","template":"","meta":{"footnotes":""},"class_list":["post-70","page","type-page","status-publish","has-post-thumbnail","hentry"],"img":"https:\/\/brainbee.udp.cl\/cms\/wp-content\/uploads\/2021\/01\/bases-brain-bee@2x-min.png","_links":{"self":[{"href":"https:\/\/brainbee.udp.cl\/en\/wp-json\/wp\/v2\/pages\/70","targetHints":{"allow":["GET"]}}],"collection":[{"href":"https:\/\/brainbee.udp.cl\/en\/wp-json\/wp\/v2\/pages"}],"about":[{"href":"https:\/\/brainbee.udp.cl\/en\/wp-json\/wp\/v2\/types\/page"}],"author":[{"embeddable":true,"href":"https:\/\/brainbee.udp.cl\/en\/wp-json\/wp\/v2\/users\/2"}],"replies":[{"embeddable":true,"href":"https:\/\/brainbee.udp.cl\/en\/wp-json\/wp\/v2\/comments?post=70"}],"version-history":[{"count":5,"href":"https:\/\/brainbee.udp.cl\/en\/wp-json\/wp\/v2\/pages\/70\/revisions"}],"predecessor-version":[{"id":299,"href":"https:\/\/brainbee.udp.cl\/en\/wp-json\/wp\/v2\/pages\/70\/revisions\/299"}],"wp:featuredmedia":[{"embeddable":true,"href":"https:\/\/brainbee.udp.cl\/en\/wp-json\/wp\/v2\/media\/134"}],"wp:attachment":[{"href":"https:\/\/brainbee.udp.cl\/en\/wp-json\/wp\/v2\/media?parent=70"}],"curies":[{"name":"wp","href":"https:\/\/api.w.org\/{rel}","templated":true}]}}