{"id":8,"date":"2021-01-15T10:48:19","date_gmt":"2021-01-15T13:48:19","guid":{"rendered":"https:\/\/brainbee.udp.cl\/cms\/?page_id=8"},"modified":"2021-01-27T16:49:33","modified_gmt":"2021-01-27T19:49:33","slug":"acerca-de","status":"publish","type":"page","link":"https:\/\/brainbee.udp.cl\/en\/acerca-de\/","title":{"rendered":"Acerca de Brain Bee"},"content":{"rendered":"<p><strong>La iniciativa internacional Brain Bee fue fundada en 1999 y es la competencia mundial de neurociencia para estudiantes de ense\u00f1anza media. Dirigida por el fundador, el Dr. Norbert Myslinski, Brain Bee motiva a los estudiantes a aprender sobre el cerebro, captura su imaginaci\u00f3n y los inspira a seguir carreras en el \u00e1rea m\u00e9dico-cient\u00edfica, para ayudar a tratar y encontrar curas para los trastornos neurol\u00f3gicos y psicol\u00f3gicos.<\/strong><\/p>\n<p>Actualmente, m\u00e1s de 60 naciones participan en la coordinaci\u00f3n de los programas de Brain Bee en todo el mundo, y este n\u00famero est\u00e1 aumentando r\u00e1pidamente. Alrededor de 50,000 estudiantes participan en los seis continentes cada a\u00f1o, y m\u00e1s de 600 neurocient\u00edficos han participado en la organizaci\u00f3n y evaluaci\u00f3n de los eventos. Se ha establecido un Alumni Club para mantener a la comunidad global de j\u00f3venes cient\u00edficos en sus \u00e1reas universitarias y profesionales.<\/p>\n<p>La plataforma de competencia Brain Bee est\u00e1 organizada en tres niveles: local, nacional e internacional. La Universidad Diego Portales cuenta con el respaldo de International Brain Bee (IBB) para liderar Brain Bee en Chile.<br \/>\nEste concurso involucra a estudiantes de 14 a 19 a\u00f1os. Los ganadores del primer lugar tienen la oportunidad de competir a nivel nacional. Los Campeones Nacionales, a su vez, est\u00e1n invitados a representar a su pa\u00eds en la competencia anual International Brain Bee, que es organizada por diferentes organizaciones de neurociencia durante una conferencia internacional.<\/p>\n","protected":false},"excerpt":{"rendered":"<p>La iniciativa internacional Brain Bee fue fundada en 1999 y es la competencia mundial de neurociencia para estudiantes de ense\u00f1anza media. Dirigida por el fundador, el Dr. Norbert Myslinski, Brain Bee motiva a los estudiantes a aprender sobre el cerebro, captura su imaginaci\u00f3n y los inspira a seguir carreras en el \u00e1rea m\u00e9dico-cient\u00edfica, para ayudar [&hellip;]<\/p>\n","protected":false},"author":1,"featured_media":135,"parent":0,"menu_order":2,"comment_status":"closed","ping_status":"closed","template":"","meta":{"footnotes":""},"class_list":["post-8","page","type-page","status-publish","has-post-thumbnail","hentry"],"img":"https:\/\/brainbee.udp.cl\/cms\/wp-content\/uploads\/2021\/01\/acerca-brain-bee@2x-min.png","_links":{"self":[{"href":"https:\/\/brainbee.udp.cl\/en\/wp-json\/wp\/v2\/pages\/8","targetHints":{"allow":["GET"]}}],"collection":[{"href":"https:\/\/brainbee.udp.cl\/en\/wp-json\/wp\/v2\/pages"}],"about":[{"href":"https:\/\/brainbee.udp.cl\/en\/wp-json\/wp\/v2\/types\/page"}],"author":[{"embeddable":true,"href":"https:\/\/brainbee.udp.cl\/en\/wp-json\/wp\/v2\/users\/1"}],"replies":[{"embeddable":true,"href":"https:\/\/brainbee.udp.cl\/en\/wp-json\/wp\/v2\/comments?post=8"}],"version-history":[{"count":3,"href":"https:\/\/brainbee.udp.cl\/en\/wp-json\/wp\/v2\/pages\/8\/revisions"}],"predecessor-version":[{"id":130,"href":"https:\/\/brainbee.udp.cl\/en\/wp-json\/wp\/v2\/pages\/8\/revisions\/130"}],"wp:featuredmedia":[{"embeddable":true,"href":"https:\/\/brainbee.udp.cl\/en\/wp-json\/wp\/v2\/media\/135"}],"wp:attachment":[{"href":"https:\/\/brainbee.udp.cl\/en\/wp-json\/wp\/v2\/media?parent=8"}],"curies":[{"name":"wp","href":"https:\/\/api.w.org\/{rel}","templated":true}]}}