{"id":83,"date":"2021-01-18T06:04:32","date_gmt":"2021-01-18T09:04:32","guid":{"rendered":"https:\/\/brainbee.udp.cl\/cms\/?page_id=83"},"modified":"2021-06-22T17:32:35","modified_gmt":"2021-06-22T20:32:35","slug":"premios","status":"publish","type":"page","link":"https:\/\/brainbee.udp.cl\/en\/premios\/","title":{"rendered":"Premios"},"content":{"rendered":"<p>Primer lugar: Trofeo del Campeonato IBB (celebrado durante 1 a\u00f1o) Pasant\u00eda de investigaci\u00f3n de verano coordinada por la Society for Neuroscience $ 3,000 USD<\/p>\n<p>Segundo lugar: $2,000 USD<\/p>\n<p>Tercer lugar: $1,000 USD<\/p>","protected":false},"excerpt":{"rendered":"<p>Primer lugar: Trofeo del Campeonato IBB (celebrado durante 1 a\u00f1o) Pasant\u00eda de investigaci\u00f3n de verano coordinada por la Society for Neuroscience $ 3,000 USD Segundo lugar: $2,000 USD Tercer lugar: $1,000 USD<\/p>\n","protected":false},"author":2,"featured_media":0,"parent":0,"menu_order":0,"comment_status":"closed","ping_status":"closed","template":"","meta":{"footnotes":""},"class_list":["post-83","page","type-page","status-publish","hentry"],"_links":{"self":[{"href":"https:\/\/brainbee.udp.cl\/en\/wp-json\/wp\/v2\/pages\/83","targetHints":{"allow":["GET"]}}],"collection":[{"href":"https:\/\/brainbee.udp.cl\/en\/wp-json\/wp\/v2\/pages"}],"about":[{"href":"https:\/\/brainbee.udp.cl\/en\/wp-json\/wp\/v2\/types\/page"}],"author":[{"embeddable":true,"href":"https:\/\/brainbee.udp.cl\/en\/wp-json\/wp\/v2\/users\/2"}],"replies":[{"embeddable":true,"href":"https:\/\/brainbee.udp.cl\/en\/wp-json\/wp\/v2\/comments?post=83"}],"version-history":[{"count":5,"href":"https:\/\/brainbee.udp.cl\/en\/wp-json\/wp\/v2\/pages\/83\/revisions"}],"predecessor-version":[{"id":216,"href":"https:\/\/brainbee.udp.cl\/en\/wp-json\/wp\/v2\/pages\/83\/revisions\/216"}],"wp:attachment":[{"href":"https:\/\/brainbee.udp.cl\/en\/wp-json\/wp\/v2\/media?parent=83"}],"curies":[{"name":"wp","href":"https:\/\/api.w.org\/{rel}","templated":true}]}}